{"id":129,"date":"2024-12-18T15:07:30","date_gmt":"2024-12-18T15:07:30","guid":{"rendered":"http:\/\/orlizakatek.pl\/?page_id=129"},"modified":"2024-12-19T13:03:19","modified_gmt":"2024-12-19T13:03:19","slug":"pokoje","status":"publish","type":"page","link":"http:\/\/orlizakatek.pl\/index.php\/pokoje\/","title":{"rendered":"Pokoje"},"content":{"rendered":"\n<div class=\"wp-block-cover alignfull\" style=\"margin-bottom:var(--wp--preset--spacing--60)\"><span aria-hidden=\"true\" class=\"wp-block-cover__background has-background-dim-40 has-background-dim\" style=\"background-color:#7c756d\"><\/span><img fetchpriority=\"high\" decoding=\"async\" width=\"2560\" height=\"1920\" class=\"wp-block-cover__image-background wp-image-27\" alt=\"\" src=\"http:\/\/orlizakatek.pl\/wp-content\/uploads\/2024\/12\/10-scaled.jpg\" style=\"object-position:100% 49%\" data-object-fit=\"cover\" data-object-position=\"100% 49%\" srcset=\"http:\/\/orlizakatek.pl\/wp-content\/uploads\/2024\/12\/10-scaled.jpg 2560w, http:\/\/orlizakatek.pl\/wp-content\/uploads\/2024\/12\/10-300x225.jpg 300w, http:\/\/orlizakatek.pl\/wp-content\/uploads\/2024\/12\/10-1024x768.jpg 1024w, http:\/\/orlizakatek.pl\/wp-content\/uploads\/2024\/12\/10-768x576.jpg 768w, http:\/\/orlizakatek.pl\/wp-content\/uploads\/2024\/12\/10-1536x1152.jpg 1536w, http:\/\/orlizakatek.pl\/wp-content\/uploads\/2024\/12\/10-2048x1536.jpg 2048w\" sizes=\"(max-width: 2560px) 100vw, 2560px\" \/><div class=\"wp-block-cover__inner-container is-layout-flow wp-block-cover-is-layout-flow\">\n<p class=\"has-text-align-center has-large-font-size\"><\/p>\n<\/div><\/div>\n\n\n\n<div class=\"wp-block-cover is-light alignfull\" style=\"min-height:650px;aspect-ratio:unset;\"><span aria-hidden=\"true\" class=\"wp-block-cover__background has-background-background-color has-background-dim\"><\/span><div class=\"wp-block-cover__inner-container is-layout-flow wp-block-cover-is-layout-flow\">\n<div class=\"wp-block-columns top-box is-layout-flex wp-container-core-columns-is-layout-1 wp-block-columns-is-layout-flex\">\n<div class=\"wp-block-column is-layout-flow wp-block-column-is-layout-flow\">\n<h2 class=\"wp-block-heading slider-heading has-heading-color has-text-color\" style=\"font-size:55px;font-style:normal;font-weight:700\">Nasze apartamenty:<\/h2>\n<\/div>\n\n\n\n<div class=\"wp-block-column is-vertically-aligned-center is-layout-flow wp-block-column-is-layout-flow\" style=\"flex-basis:33%\"><\/div>\n<\/div>\n\n\n\n<div class=\"wp-block-columns are-vertically-aligned-center slide-box is-layout-flex wp-container-core-columns-is-layout-2 wp-block-columns-is-layout-flex\">\n<div class=\"wp-block-column is-layout-flow wp-block-column-is-layout-flow\">\n<figure class=\"wp-block-image size-medium\"><img decoding=\"async\" width=\"300\" height=\"225\" src=\"http:\/\/orlizakatek.pl\/wp-content\/uploads\/2024\/12\/5-300x225.jpg\" alt=\"\" class=\"wp-image-22\" srcset=\"http:\/\/orlizakatek.pl\/wp-content\/uploads\/2024\/12\/5-300x225.jpg 300w, http:\/\/orlizakatek.pl\/wp-content\/uploads\/2024\/12\/5-1024x768.jpg 1024w, http:\/\/orlizakatek.pl\/wp-content\/uploads\/2024\/12\/5-768x576.jpg 768w, http:\/\/orlizakatek.pl\/wp-content\/uploads\/2024\/12\/5-1536x1152.jpg 1536w, http:\/\/orlizakatek.pl\/wp-content\/uploads\/2024\/12\/5-2048x1536.jpg 2048w\" sizes=\"(max-width: 300px) 100vw, 300px\" \/><\/figure>\n\n\n\n<p>Apartament 1<\/p>\n<\/div>\n\n\n\n<div class=\"wp-block-column is-layout-flow wp-block-column-is-layout-flow\">\n<figure class=\"wp-block-image size-medium\"><img decoding=\"async\" width=\"300\" height=\"225\" src=\"http:\/\/orlizakatek.pl\/wp-content\/uploads\/2024\/12\/7-300x225.jpg\" alt=\"\" class=\"wp-image-24\" srcset=\"http:\/\/orlizakatek.pl\/wp-content\/uploads\/2024\/12\/7-300x225.jpg 300w, http:\/\/orlizakatek.pl\/wp-content\/uploads\/2024\/12\/7-1024x768.jpg 1024w, http:\/\/orlizakatek.pl\/wp-content\/uploads\/2024\/12\/7-768x576.jpg 768w, http:\/\/orlizakatek.pl\/wp-content\/uploads\/2024\/12\/7-1536x1152.jpg 1536w, http:\/\/orlizakatek.pl\/wp-content\/uploads\/2024\/12\/7-2048x1536.jpg 2048w\" sizes=\"(max-width: 300px) 100vw, 300px\" \/><\/figure>\n\n\n\n<p>Apartament 2<\/p>\n<\/div>\n\n\n\n<div class=\"wp-block-column is-layout-flow wp-block-column-is-layout-flow\">\n<figure class=\"wp-block-image size-medium\"><img loading=\"lazy\" decoding=\"async\" width=\"300\" height=\"225\" src=\"http:\/\/orlizakatek.pl\/wp-content\/uploads\/2024\/12\/8-300x225.jpg\" alt=\"\" class=\"wp-image-25\" srcset=\"http:\/\/orlizakatek.pl\/wp-content\/uploads\/2024\/12\/8-300x225.jpg 300w, http:\/\/orlizakatek.pl\/wp-content\/uploads\/2024\/12\/8-1024x768.jpg 1024w, http:\/\/orlizakatek.pl\/wp-content\/uploads\/2024\/12\/8-768x576.jpg 768w, http:\/\/orlizakatek.pl\/wp-content\/uploads\/2024\/12\/8-1536x1152.jpg 1536w, http:\/\/orlizakatek.pl\/wp-content\/uploads\/2024\/12\/8-2048x1536.jpg 2048w\" sizes=\"(max-width: 300px) 100vw, 300px\" \/><\/figure>\n\n\n\n<p>Apartament 3<\/p>\n<\/div>\n\n\n\n<div class=\"wp-block-column is-layout-flow wp-block-column-is-layout-flow\">\n<figure class=\"wp-block-image size-medium\"><img loading=\"lazy\" decoding=\"async\" width=\"300\" height=\"225\" src=\"http:\/\/orlizakatek.pl\/wp-content\/uploads\/2024\/12\/11-300x225.jpg\" alt=\"\" class=\"wp-image-28\" srcset=\"http:\/\/orlizakatek.pl\/wp-content\/uploads\/2024\/12\/11-300x225.jpg 300w, http:\/\/orlizakatek.pl\/wp-content\/uploads\/2024\/12\/11-1024x768.jpg 1024w, http:\/\/orlizakatek.pl\/wp-content\/uploads\/2024\/12\/11-768x576.jpg 768w, http:\/\/orlizakatek.pl\/wp-content\/uploads\/2024\/12\/11-1536x1152.jpg 1536w, http:\/\/orlizakatek.pl\/wp-content\/uploads\/2024\/12\/11-2048x1536.jpg 2048w\" sizes=\"(max-width: 300px) 100vw, 300px\" \/><\/figure>\n\n\n\n<p>Apartament 4<\/p>\n<\/div>\n<\/div>\n<\/div><\/div>\n\n\n\n<div class=\"wp-block-cover is-light alignfull\" style=\"min-height:650px;aspect-ratio:unset;\"><span aria-hidden=\"true\" class=\"wp-block-cover__background has-background-background-color has-background-dim\"><\/span><div class=\"wp-block-cover__inner-container is-layout-flow wp-block-cover-is-layout-flow\">\n<div class=\"wp-block-columns top-box is-layout-flex wp-container-core-columns-is-layout-3 wp-block-columns-is-layout-flex\">\n<div class=\"wp-block-column is-layout-flow wp-block-column-is-layout-flow\">\n<hr class=\"wp-block-separator has-text-color has-heading-color has-alpha-channel-opacity has-heading-background-color has-background is-style-dots\" style=\"margin-top:var(--wp--preset--spacing--50);margin-bottom:var(--wp--preset--spacing--50)\"\/>\n\n\n\n<h2 class=\"wp-block-heading slider-heading has-heading-color has-text-color\" style=\"font-size:55px;font-style:normal;font-weight:700\">Apartament 1<\/h2>\n\n\n\n<p>Na parterze salon z rozk\u0142adan\u0105 kanap\u0105, przedpok\u00f3j z szaf\u0105 oraz \u0142azienka. Na antresoli sypialnia z du\u017cym \u0142\u00f3\u017ckiem (180\/200) oraz TV.<\/p>\n<\/div>\n<\/div>\n\n\n\n<div class=\"wp-block-columns are-vertically-aligned-center slide-box is-layout-flex wp-container-core-columns-is-layout-4 wp-block-columns-is-layout-flex\">\n<div class=\"wp-block-column is-layout-flow wp-block-column-is-layout-flow\">\n<figure class=\"wp-block-image size-large\"><img loading=\"lazy\" decoding=\"async\" width=\"1024\" height=\"768\" src=\"http:\/\/orlizakatek.pl\/wp-content\/uploads\/2024\/12\/4-1024x768.jpg\" alt=\"\" class=\"wp-image-21\" srcset=\"http:\/\/orlizakatek.pl\/wp-content\/uploads\/2024\/12\/4-1024x768.jpg 1024w, http:\/\/orlizakatek.pl\/wp-content\/uploads\/2024\/12\/4-300x225.jpg 300w, http:\/\/orlizakatek.pl\/wp-content\/uploads\/2024\/12\/4-768x576.jpg 768w, http:\/\/orlizakatek.pl\/wp-content\/uploads\/2024\/12\/4-1536x1152.jpg 1536w, http:\/\/orlizakatek.pl\/wp-content\/uploads\/2024\/12\/4-2048x1536.jpg 2048w\" sizes=\"(max-width: 1024px) 100vw, 1024px\" \/><\/figure>\n<\/div>\n\n\n\n<div class=\"wp-block-column is-layout-flow wp-block-column-is-layout-flow\">\n<figure class=\"wp-block-image size-large\"><img loading=\"lazy\" decoding=\"async\" width=\"1024\" height=\"768\" src=\"http:\/\/orlizakatek.pl\/wp-content\/uploads\/2024\/12\/5-1024x768.jpg\" alt=\"\" class=\"wp-image-22\" srcset=\"http:\/\/orlizakatek.pl\/wp-content\/uploads\/2024\/12\/5-1024x768.jpg 1024w, http:\/\/orlizakatek.pl\/wp-content\/uploads\/2024\/12\/5-300x225.jpg 300w, http:\/\/orlizakatek.pl\/wp-content\/uploads\/2024\/12\/5-768x576.jpg 768w, http:\/\/orlizakatek.pl\/wp-content\/uploads\/2024\/12\/5-1536x1152.jpg 1536w, http:\/\/orlizakatek.pl\/wp-content\/uploads\/2024\/12\/5-2048x1536.jpg 2048w\" sizes=\"(max-width: 1024px) 100vw, 1024px\" \/><\/figure>\n<\/div>\n\n\n\n<div class=\"wp-block-column is-layout-flow wp-block-column-is-layout-flow\">\n<figure class=\"wp-block-image size-large\"><img loading=\"lazy\" decoding=\"async\" width=\"1024\" height=\"768\" src=\"http:\/\/orlizakatek.pl\/wp-content\/uploads\/2024\/12\/14-1024x768.jpg\" alt=\"\" class=\"wp-image-32\" srcset=\"http:\/\/orlizakatek.pl\/wp-content\/uploads\/2024\/12\/14-1024x768.jpg 1024w, http:\/\/orlizakatek.pl\/wp-content\/uploads\/2024\/12\/14-300x225.jpg 300w, http:\/\/orlizakatek.pl\/wp-content\/uploads\/2024\/12\/14-768x576.jpg 768w, http:\/\/orlizakatek.pl\/wp-content\/uploads\/2024\/12\/14-1536x1152.jpg 1536w, http:\/\/orlizakatek.pl\/wp-content\/uploads\/2024\/12\/14-2048x1536.jpg 2048w\" sizes=\"(max-width: 1024px) 100vw, 1024px\" \/><\/figure>\n<\/div>\n<\/div>\n<\/div><\/div>\n\n\n\n<div class=\"wp-block-cover is-light alignfull\" style=\"min-height:650px;aspect-ratio:unset;\"><span aria-hidden=\"true\" class=\"wp-block-cover__background has-background-background-color has-background-dim\"><\/span><div class=\"wp-block-cover__inner-container is-layout-flow wp-block-cover-is-layout-flow\">\n<div class=\"wp-block-columns top-box is-layout-flex wp-container-core-columns-is-layout-5 wp-block-columns-is-layout-flex\">\n<div class=\"wp-block-column is-layout-flow wp-block-column-is-layout-flow\">\n<hr class=\"wp-block-separator has-text-color has-heading-color has-alpha-channel-opacity has-heading-background-color has-background is-style-dots\" style=\"margin-top:var(--wp--preset--spacing--50);margin-bottom:var(--wp--preset--spacing--50)\"\/>\n\n\n\n<h2 class=\"wp-block-heading slider-heading has-heading-color has-text-color\" style=\"font-size:55px;font-style:normal;font-weight:700\">Apartament 2<\/h2>\n\n\n\n<p>Na parterze salon z rozk\u0142adan\u0105 kanap\u0105, przedpok\u00f3j z szaf\u0105 oraz \u0142azienka. Na antresoli sypialnia z du\u017cym \u0142\u00f3\u017ckiem (180\/200) oraz TV.<\/p>\n<\/div>\n<\/div>\n\n\n\n<div class=\"wp-block-columns are-vertically-aligned-center slide-box is-layout-flex wp-container-core-columns-is-layout-6 wp-block-columns-is-layout-flex\">\n<div class=\"wp-block-column is-layout-flow wp-block-column-is-layout-flow\">\n<figure class=\"wp-block-image size-large\"><img loading=\"lazy\" decoding=\"async\" width=\"1024\" height=\"768\" src=\"http:\/\/orlizakatek.pl\/wp-content\/uploads\/2024\/12\/6-1024x768.jpg\" alt=\"\" class=\"wp-image-23\" srcset=\"http:\/\/orlizakatek.pl\/wp-content\/uploads\/2024\/12\/6-1024x768.jpg 1024w, http:\/\/orlizakatek.pl\/wp-content\/uploads\/2024\/12\/6-300x225.jpg 300w, http:\/\/orlizakatek.pl\/wp-content\/uploads\/2024\/12\/6-768x576.jpg 768w, http:\/\/orlizakatek.pl\/wp-content\/uploads\/2024\/12\/6-1536x1152.jpg 1536w, http:\/\/orlizakatek.pl\/wp-content\/uploads\/2024\/12\/6-2048x1536.jpg 2048w\" sizes=\"(max-width: 1024px) 100vw, 1024px\" \/><\/figure>\n<\/div>\n\n\n\n<div class=\"wp-block-column is-layout-flow wp-block-column-is-layout-flow\">\n<figure class=\"wp-block-image size-large\"><img loading=\"lazy\" decoding=\"async\" width=\"1024\" height=\"768\" src=\"http:\/\/orlizakatek.pl\/wp-content\/uploads\/2024\/12\/7-1024x768.jpg\" alt=\"\" class=\"wp-image-24\" srcset=\"http:\/\/orlizakatek.pl\/wp-content\/uploads\/2024\/12\/7-1024x768.jpg 1024w, http:\/\/orlizakatek.pl\/wp-content\/uploads\/2024\/12\/7-300x225.jpg 300w, http:\/\/orlizakatek.pl\/wp-content\/uploads\/2024\/12\/7-768x576.jpg 768w, http:\/\/orlizakatek.pl\/wp-content\/uploads\/2024\/12\/7-1536x1152.jpg 1536w, http:\/\/orlizakatek.pl\/wp-content\/uploads\/2024\/12\/7-2048x1536.jpg 2048w\" sizes=\"(max-width: 1024px) 100vw, 1024px\" \/><\/figure>\n<\/div>\n\n\n\n<div class=\"wp-block-column is-layout-flow wp-block-column-is-layout-flow\">\n<figure class=\"wp-block-image size-large\"><img loading=\"lazy\" decoding=\"async\" width=\"1024\" height=\"768\" src=\"http:\/\/orlizakatek.pl\/wp-content\/uploads\/2024\/12\/14-1024x768.jpg\" alt=\"\" class=\"wp-image-32\" srcset=\"http:\/\/orlizakatek.pl\/wp-content\/uploads\/2024\/12\/14-1024x768.jpg 1024w, http:\/\/orlizakatek.pl\/wp-content\/uploads\/2024\/12\/14-300x225.jpg 300w, http:\/\/orlizakatek.pl\/wp-content\/uploads\/2024\/12\/14-768x576.jpg 768w, http:\/\/orlizakatek.pl\/wp-content\/uploads\/2024\/12\/14-1536x1152.jpg 1536w, http:\/\/orlizakatek.pl\/wp-content\/uploads\/2024\/12\/14-2048x1536.jpg 2048w\" sizes=\"(max-width: 1024px) 100vw, 1024px\" \/><\/figure>\n<\/div>\n<\/div>\n<\/div><\/div>\n\n\n\n<div class=\"wp-block-cover is-light alignfull\" style=\"min-height:650px;aspect-ratio:unset;\"><span aria-hidden=\"true\" class=\"wp-block-cover__background has-background-background-color has-background-dim\"><\/span><div class=\"wp-block-cover__inner-container is-layout-flow wp-block-cover-is-layout-flow\">\n<div class=\"wp-block-columns top-box is-layout-flex wp-container-core-columns-is-layout-7 wp-block-columns-is-layout-flex\">\n<div class=\"wp-block-column is-layout-flow wp-block-column-is-layout-flow\">\n<hr class=\"wp-block-separator has-text-color has-heading-color has-alpha-channel-opacity has-heading-background-color has-background is-style-dots\" style=\"margin-top:var(--wp--preset--spacing--50);margin-bottom:var(--wp--preset--spacing--50)\"\/>\n\n\n\n<h2 class=\"wp-block-heading slider-heading has-heading-color has-text-color\" style=\"font-size:55px;font-style:normal;font-weight:700\">Apartament 3<\/h2>\n\n\n\n<p>Na parterze sypialnia z du\u017cym \u0142\u00f3\u017ckiem (180\/200), przedpok\u00f3j z szaf\u0105 i \u0142azienka. Na antresoli salon z rozk\u0142adan\u0105 kanap\u0105 i TV.<\/p>\n<\/div>\n<\/div>\n\n\n\n<div class=\"wp-block-columns are-vertically-aligned-center slide-box is-layout-flex wp-container-core-columns-is-layout-8 wp-block-columns-is-layout-flex\">\n<div class=\"wp-block-column is-layout-flow wp-block-column-is-layout-flow\">\n<figure class=\"wp-block-image size-large\"><img loading=\"lazy\" decoding=\"async\" width=\"1024\" height=\"768\" src=\"http:\/\/orlizakatek.pl\/wp-content\/uploads\/2024\/12\/8-1024x768.jpg\" alt=\"\" class=\"wp-image-25\" srcset=\"http:\/\/orlizakatek.pl\/wp-content\/uploads\/2024\/12\/8-1024x768.jpg 1024w, http:\/\/orlizakatek.pl\/wp-content\/uploads\/2024\/12\/8-300x225.jpg 300w, http:\/\/orlizakatek.pl\/wp-content\/uploads\/2024\/12\/8-768x576.jpg 768w, http:\/\/orlizakatek.pl\/wp-content\/uploads\/2024\/12\/8-1536x1152.jpg 1536w, http:\/\/orlizakatek.pl\/wp-content\/uploads\/2024\/12\/8-2048x1536.jpg 2048w\" sizes=\"(max-width: 1024px) 100vw, 1024px\" \/><\/figure>\n<\/div>\n\n\n\n<div class=\"wp-block-column is-layout-flow wp-block-column-is-layout-flow\">\n<figure class=\"wp-block-image size-large\"><img loading=\"lazy\" decoding=\"async\" width=\"1024\" height=\"768\" src=\"http:\/\/orlizakatek.pl\/wp-content\/uploads\/2024\/12\/9-1024x768.jpg\" alt=\"\" class=\"wp-image-26\" srcset=\"http:\/\/orlizakatek.pl\/wp-content\/uploads\/2024\/12\/9-1024x768.jpg 1024w, http:\/\/orlizakatek.pl\/wp-content\/uploads\/2024\/12\/9-300x225.jpg 300w, http:\/\/orlizakatek.pl\/wp-content\/uploads\/2024\/12\/9-768x576.jpg 768w, http:\/\/orlizakatek.pl\/wp-content\/uploads\/2024\/12\/9-1536x1152.jpg 1536w, http:\/\/orlizakatek.pl\/wp-content\/uploads\/2024\/12\/9-2048x1536.jpg 2048w\" sizes=\"(max-width: 1024px) 100vw, 1024px\" \/><\/figure>\n<\/div>\n\n\n\n<div class=\"wp-block-column is-layout-flow wp-block-column-is-layout-flow\">\n<figure class=\"wp-block-image size-large\"><img loading=\"lazy\" decoding=\"async\" width=\"1024\" height=\"768\" src=\"http:\/\/orlizakatek.pl\/wp-content\/uploads\/2024\/12\/14-1024x768.jpg\" alt=\"\" class=\"wp-image-32\" srcset=\"http:\/\/orlizakatek.pl\/wp-content\/uploads\/2024\/12\/14-1024x768.jpg 1024w, http:\/\/orlizakatek.pl\/wp-content\/uploads\/2024\/12\/14-300x225.jpg 300w, http:\/\/orlizakatek.pl\/wp-content\/uploads\/2024\/12\/14-768x576.jpg 768w, http:\/\/orlizakatek.pl\/wp-content\/uploads\/2024\/12\/14-1536x1152.jpg 1536w, http:\/\/orlizakatek.pl\/wp-content\/uploads\/2024\/12\/14-2048x1536.jpg 2048w\" sizes=\"(max-width: 1024px) 100vw, 1024px\" \/><\/figure>\n<\/div>\n<\/div>\n<\/div><\/div>\n\n\n\n<div class=\"wp-block-cover is-light alignfull\" style=\"min-height:650px;aspect-ratio:unset;\"><span aria-hidden=\"true\" class=\"wp-block-cover__background has-background-background-color has-background-dim\"><\/span><div class=\"wp-block-cover__inner-container is-layout-flow wp-block-cover-is-layout-flow\">\n<div class=\"wp-block-columns top-box is-layout-flex wp-container-core-columns-is-layout-9 wp-block-columns-is-layout-flex\">\n<div class=\"wp-block-column is-layout-flow wp-block-column-is-layout-flow\">\n<hr class=\"wp-block-separator has-text-color has-heading-color has-alpha-channel-opacity has-heading-background-color has-background is-style-dots\" style=\"margin-top:var(--wp--preset--spacing--50);margin-bottom:var(--wp--preset--spacing--50)\"\/>\n\n\n\n<h2 class=\"wp-block-heading slider-heading has-heading-color has-text-color\" style=\"font-size:55px;font-style:normal;font-weight:700\">Apartament 4<\/h2>\n\n\n\n<p>Na parterze salon z rozk\u0142adan\u0105 kanap\u0105 i TV, przedpok\u00f3j z szaf\u0105 i \u0142azienk\u0105.<br>Na antresoli 2 sypialnie : jedna z du\u017cym \u0142\u00f3\u017ckiem (180\/200) oraz druga (zamykana) z dwoma pojedynczymi \u0142\u00f3\u017ckami.<\/p>\n<\/div>\n<\/div>\n\n\n\n<div class=\"wp-block-columns are-vertically-aligned-center slide-box is-layout-flex wp-container-core-columns-is-layout-10 wp-block-columns-is-layout-flex\">\n<div class=\"wp-block-column is-layout-flow wp-block-column-is-layout-flow\">\n<figure class=\"wp-block-image size-large\"><img loading=\"lazy\" decoding=\"async\" width=\"1024\" height=\"768\" src=\"http:\/\/orlizakatek.pl\/wp-content\/uploads\/2024\/12\/10-1024x768.jpg\" alt=\"\" class=\"wp-image-27\" srcset=\"http:\/\/orlizakatek.pl\/wp-content\/uploads\/2024\/12\/10-1024x768.jpg 1024w, http:\/\/orlizakatek.pl\/wp-content\/uploads\/2024\/12\/10-300x225.jpg 300w, http:\/\/orlizakatek.pl\/wp-content\/uploads\/2024\/12\/10-768x576.jpg 768w, http:\/\/orlizakatek.pl\/wp-content\/uploads\/2024\/12\/10-1536x1152.jpg 1536w, http:\/\/orlizakatek.pl\/wp-content\/uploads\/2024\/12\/10-2048x1536.jpg 2048w\" sizes=\"(max-width: 1024px) 100vw, 1024px\" \/><\/figure>\n\n\n\n<figure class=\"wp-block-image size-large\"><img loading=\"lazy\" decoding=\"async\" width=\"1024\" height=\"768\" src=\"http:\/\/orlizakatek.pl\/wp-content\/uploads\/2024\/12\/14-1024x768.jpg\" alt=\"\" class=\"wp-image-32\" srcset=\"http:\/\/orlizakatek.pl\/wp-content\/uploads\/2024\/12\/14-1024x768.jpg 1024w, http:\/\/orlizakatek.pl\/wp-content\/uploads\/2024\/12\/14-300x225.jpg 300w, http:\/\/orlizakatek.pl\/wp-content\/uploads\/2024\/12\/14-768x576.jpg 768w, http:\/\/orlizakatek.pl\/wp-content\/uploads\/2024\/12\/14-1536x1152.jpg 1536w, http:\/\/orlizakatek.pl\/wp-content\/uploads\/2024\/12\/14-2048x1536.jpg 2048w\" sizes=\"(max-width: 1024px) 100vw, 1024px\" \/><\/figure>\n<\/div>\n\n\n\n<div class=\"wp-block-column is-layout-flow wp-block-column-is-layout-flow\">\n<figure class=\"wp-block-image size-large\"><img loading=\"lazy\" decoding=\"async\" width=\"1024\" height=\"768\" src=\"http:\/\/orlizakatek.pl\/wp-content\/uploads\/2024\/12\/12-1024x768.jpg\" alt=\"\" class=\"wp-image-29\" srcset=\"http:\/\/orlizakatek.pl\/wp-content\/uploads\/2024\/12\/12-1024x768.jpg 1024w, http:\/\/orlizakatek.pl\/wp-content\/uploads\/2024\/12\/12-300x225.jpg 300w, http:\/\/orlizakatek.pl\/wp-content\/uploads\/2024\/12\/12-768x576.jpg 768w, http:\/\/orlizakatek.pl\/wp-content\/uploads\/2024\/12\/12-1536x1152.jpg 1536w, http:\/\/orlizakatek.pl\/wp-content\/uploads\/2024\/12\/12-2048x1536.jpg 2048w\" sizes=\"(max-width: 1024px) 100vw, 1024px\" \/><\/figure>\n\n\n\n<figure class=\"wp-block-image size-large\"><img loading=\"lazy\" decoding=\"async\" width=\"1024\" height=\"768\" src=\"http:\/\/orlizakatek.pl\/wp-content\/uploads\/2024\/12\/11-1024x768.jpg\" alt=\"\" class=\"wp-image-28\" srcset=\"http:\/\/orlizakatek.pl\/wp-content\/uploads\/2024\/12\/11-1024x768.jpg 1024w, http:\/\/orlizakatek.pl\/wp-content\/uploads\/2024\/12\/11-300x225.jpg 300w, http:\/\/orlizakatek.pl\/wp-content\/uploads\/2024\/12\/11-768x576.jpg 768w, http:\/\/orlizakatek.pl\/wp-content\/uploads\/2024\/12\/11-1536x1152.jpg 1536w, http:\/\/orlizakatek.pl\/wp-content\/uploads\/2024\/12\/11-2048x1536.jpg 2048w\" sizes=\"(max-width: 1024px) 100vw, 1024px\" \/><\/figure>\n<\/div>\n\n\n\n<div class=\"wp-block-column is-layout-flow wp-block-column-is-layout-flow\">\n<figure class=\"wp-block-image size-large\"><img loading=\"lazy\" decoding=\"async\" width=\"1024\" height=\"768\" src=\"http:\/\/orlizakatek.pl\/wp-content\/uploads\/2024\/12\/13-1024x768.jpg\" alt=\"\" class=\"wp-image-31\" srcset=\"http:\/\/orlizakatek.pl\/wp-content\/uploads\/2024\/12\/13-1024x768.jpg 1024w, http:\/\/orlizakatek.pl\/wp-content\/uploads\/2024\/12\/13-300x225.jpg 300w, http:\/\/orlizakatek.pl\/wp-content\/uploads\/2024\/12\/13-768x576.jpg 768w, http:\/\/orlizakatek.pl\/wp-content\/uploads\/2024\/12\/13-1536x1152.jpg 1536w, http:\/\/orlizakatek.pl\/wp-content\/uploads\/2024\/12\/13-2048x1536.jpg 2048w\" sizes=\"(max-width: 1024px) 100vw, 1024px\" \/><\/figure>\n\n\n<\/div>\n<\/div>\n<\/div><\/div>\n\n\n\n<p><\/p>\n\n\n\n<p><\/p>\n","protected":false},"excerpt":{"rendered":"","protected":false},"author":1,"featured_media":0,"parent":0,"menu_order":0,"comment_status":"closed","ping_status":"closed","template":"","meta":{"footnotes":""},"class_list":["post-129","page","type-page","status-publish","hentry"],"_links":{"self":[{"href":"http:\/\/orlizakatek.pl\/index.php\/wp-json\/wp\/v2\/pages\/129","targetHints":{"allow":["GET"]}}],"collection":[{"href":"http:\/\/orlizakatek.pl\/index.php\/wp-json\/wp\/v2\/pages"}],"about":[{"href":"http:\/\/orlizakatek.pl\/index.php\/wp-json\/wp\/v2\/types\/page"}],"author":[{"embeddable":true,"href":"http:\/\/orlizakatek.pl\/index.php\/wp-json\/wp\/v2\/users\/1"}],"replies":[{"embeddable":true,"href":"http:\/\/orlizakatek.pl\/index.php\/wp-json\/wp\/v2\/comments?post=129"}],"version-history":[{"count":36,"href":"http:\/\/orlizakatek.pl\/index.php\/wp-json\/wp\/v2\/pages\/129\/revisions"}],"predecessor-version":[{"id":306,"href":"http:\/\/orlizakatek.pl\/index.php\/wp-json\/wp\/v2\/pages\/129\/revisions\/306"}],"wp:attachment":[{"href":"http:\/\/orlizakatek.pl\/index.php\/wp-json\/wp\/v2\/media?parent=129"}],"curies":[{"name":"wp","href":"https:\/\/api.w.org\/{rel}","templated":true}]}}