{"id":101,"date":"2024-12-17T15:25:37","date_gmt":"2024-12-17T15:25:37","guid":{"rendered":"http:\/\/orlizakatek.pl\/?page_id=101"},"modified":"2025-04-25T11:37:27","modified_gmt":"2025-04-25T11:37:27","slug":"atrakcje","status":"publish","type":"page","link":"https:\/\/orlizakatek.pl\/index.php\/atrakcje\/","title":{"rendered":"Atrakcje"},"content":{"rendered":"\n<div class=\"wp-block-cover alignfull\" style=\"margin-bottom:var(--wp--preset--spacing--60);min-height:430px;aspect-ratio:unset;\"><span aria-hidden=\"true\" class=\"wp-block-cover__background has-background-dim-40 has-background-dim\" style=\"background-color:#6f7f74\"><\/span><img fetchpriority=\"high\" decoding=\"async\" width=\"2560\" height=\"1920\" class=\"wp-block-cover__image-background wp-image-34\" alt=\"\" src=\"http:\/\/orlizakatek.pl\/wp-content\/uploads\/2024\/12\/17-scaled.jpg\" data-object-fit=\"cover\" srcset=\"https:\/\/orlizakatek.pl\/wp-content\/uploads\/2024\/12\/17-scaled.jpg 2560w, https:\/\/orlizakatek.pl\/wp-content\/uploads\/2024\/12\/17-300x225.jpg 300w, https:\/\/orlizakatek.pl\/wp-content\/uploads\/2024\/12\/17-1024x768.jpg 1024w, https:\/\/orlizakatek.pl\/wp-content\/uploads\/2024\/12\/17-768x576.jpg 768w, https:\/\/orlizakatek.pl\/wp-content\/uploads\/2024\/12\/17-1536x1152.jpg 1536w, https:\/\/orlizakatek.pl\/wp-content\/uploads\/2024\/12\/17-2048x1536.jpg 2048w\" sizes=\"(max-width: 2560px) 100vw, 2560px\" \/><div class=\"wp-block-cover__inner-container is-layout-flow wp-block-cover-is-layout-flow\">\n<p class=\"has-text-align-center has-large-font-size\"><\/p>\n<\/div><\/div>\n\n\n\n<div class=\"wp-block-group alignfull has-heading-background-color has-text-color has-background is-layout-flow wp-block-group-is-layout-flow\" style=\"color:#000000\">\n<div style=\"height:64px\" aria-hidden=\"true\" class=\"wp-block-spacer\"><\/div>\n\n\n\n<p class=\"has-text-align-center has-background-color has-text-color has-link-color has-small-font-size wp-elements-9f5fb8a1ef7fb48de31e1254ce3fb328\" style=\"line-height:.9\"><strong>Zapraszamy Was na ogrodzony teren posesji o powierzchni 11 000 m2<\/strong><\/p>\n\n\n\n<p class=\"has-text-align-center has-background-color has-text-color has-link-color has-small-font-size wp-elements-6070b971cf77f8cc3282b83e5a9ec86c\" style=\"line-height:.9\"><\/p>\n\n\n\n<h2 class=\"wp-block-heading has-text-align-center has-luminous-vivid-amber-color has-text-color has-link-color wp-elements-74a671fb4bf7b1d41cf8d9e9195b59be\" id=\"schedule-a-visit\" style=\"font-size:59px;line-height:1.15\"><strong>Zaplanuj wizyt\u0119<\/strong><\/h2>\n\n\n\n<div class=\"wp-block-buttons is-horizontal is-content-justification-center is-layout-flex wp-container-core-buttons-is-layout-1 wp-block-buttons-is-layout-flex\">\n<div class=\"wp-block-button has-custom-width wp-block-button__width-75\" id=\"orlizakatek.pl\/index.php\/Pokoje\/\"><a class=\"wp-block-button__link has-foreground-color has-luminous-vivid-amber-background-color has-text-color has-background has-text-align-center wp-element-button\" href=\"http:\/\/orlizakatek.pl\/index.php\/Rezerwacje\/\" style=\"border-radius:50px\">Rezerwacje<\/a><\/div>\n<\/div>\n\n\n\n<div style=\"height:64px\" aria-hidden=\"true\" class=\"wp-block-spacer\"><\/div>\n<\/div>\n\n\n\n<div class=\"wp-block-media-text alignfull has-media-on-the-right is-stacked-on-mobile is-vertically-aligned-center is-style-default\" style=\"grid-template-columns:auto 56%\"><div class=\"wp-block-media-text__content\">\n<h2 class=\"wp-block-heading has-text-color\" style=\"color:#000000\"><strong>Prywatna pla\u017ca nad jeziorem<\/strong><\/h2>\n\n\n\n<p class=\"has-text-color\" style=\"color:#636363;font-size:17px;line-height:1.8\">Znajdziecie tu pla\u017c\u0119 nad jeziorem z pomostem z miejsce na ognisko (drewno dost\u0119pne na miejscu).<\/p>\n\n\n\n<p class=\"has-text-color\" style=\"color:#636363;font-size:17px;line-height:1.8\">W bezpo\u015bredniej okolicy pla\u017cy znajduje si\u0119 lasek, boisko trawiaste do pi\u0142ki no\u017cnej, boisko do pi\u0142ki pla\u017cowej (piaszczyste), oczko wodne, plac zabaw dla dzieci, wann\u0119 typu bania oraz saun\u0119.<\/p>\n<\/div><figure class=\"wp-block-media-text__media\"><img decoding=\"async\" width=\"1024\" height=\"685\" src=\"http:\/\/orlizakatek.pl\/wp-content\/uploads\/2024\/12\/22-1024x685.jpg\" alt=\"\" class=\"wp-image-39 size-full\" srcset=\"https:\/\/orlizakatek.pl\/wp-content\/uploads\/2024\/12\/22-1024x685.jpg 1024w, https:\/\/orlizakatek.pl\/wp-content\/uploads\/2024\/12\/22-300x201.jpg 300w, https:\/\/orlizakatek.pl\/wp-content\/uploads\/2024\/12\/22-768x514.jpg 768w, https:\/\/orlizakatek.pl\/wp-content\/uploads\/2024\/12\/22-1536x1028.jpg 1536w, https:\/\/orlizakatek.pl\/wp-content\/uploads\/2024\/12\/22-2048x1371.jpg 2048w\" sizes=\"(max-width: 1024px) 100vw, 1024px\" \/><\/figure><\/div>\n\n\n\n<div class=\"wp-block-media-text alignfull is-stacked-on-mobile is-vertically-aligned-center is-style-default has-heading-background-color has-background\" style=\"grid-template-columns:56% auto\"><figure class=\"wp-block-media-text__media\"><img decoding=\"async\" width=\"1024\" height=\"768\" src=\"http:\/\/orlizakatek.pl\/wp-content\/uploads\/2024\/12\/19-1024x768.jpg\" alt=\"\" class=\"wp-image-36 size-full\" srcset=\"https:\/\/orlizakatek.pl\/wp-content\/uploads\/2024\/12\/19-1024x768.jpg 1024w, https:\/\/orlizakatek.pl\/wp-content\/uploads\/2024\/12\/19-300x225.jpg 300w, https:\/\/orlizakatek.pl\/wp-content\/uploads\/2024\/12\/19-768x576.jpg 768w, https:\/\/orlizakatek.pl\/wp-content\/uploads\/2024\/12\/19-1536x1152.jpg 1536w, https:\/\/orlizakatek.pl\/wp-content\/uploads\/2024\/12\/19-2048x1536.jpg 2048w\" sizes=\"(max-width: 1024px) 100vw, 1024px\" \/><\/figure><div class=\"wp-block-media-text__content\">\n<h2 class=\"wp-block-heading has-background-color has-text-color\"><strong>Prywatny basen dla Ciebie<\/strong><\/h2>\n\n\n\n<p class=\"has-background-color has-text-color\" style=\"font-size:17px;line-height:1.8\">Do dyspozycji naszych go\u015bci jest pi\u0119kny, du\u017cy basen znajduj\u0105cy si\u0119 w s\u0105siednim domu (jest to tzw. dom gospodarzy). <\/p>\n\n\n\n<p class=\"has-background-color has-text-color\" style=\"font-size:17px;line-height:1.8\">Basen w wymiarach 4m\/8m g\u0142\u0119boko\u015bci 1,50 m, temp. wody 29 C. Na pla\u017cy basenowej s\u0105 le\u017caki, oferujemy te\u017c r\u0119czniki basenowe.<\/p>\n\n\n\n<p class=\"has-background-color has-text-color has-link-color wp-elements-fc84314b29a123d328b51f980479fa43\">Zapraszamy do zapoznania si\u0119 z ofert\u0105 <strong><a href=\"https:\/\/orlizakatek.pl\/index.php\/minispa\/\" data-type=\"page\" data-id=\"388\">miniSPA<\/a><\/strong><\/p>\n<\/div><\/div>\n\n\n\n<div class=\"wp-block-media-text alignfull has-media-on-the-right is-stacked-on-mobile is-vertically-aligned-center is-style-default\" style=\"grid-template-columns:auto 56%\"><div class=\"wp-block-media-text__content\">\n<h2 class=\"wp-block-heading has-text-color\" style=\"color:#000000\"><strong>Prywatne atrakcje wodne<\/strong><\/h2>\n\n\n\n<p class=\"has-text-color\" style=\"color:#636363;font-size:17px;line-height:1.8\">Jezioro Orle le\u017cy na szlaku Kana\u0142u Augustowskiego. Oferujemy bezp\u0142atnie sprz\u0119t p\u0142ywaj\u0105cy (rower wodny, kajaki). <\/p>\n\n\n\n<p class=\"has-text-color\" style=\"color:#636363;font-size:17px;line-height:1.8\">Nasze jezioro jest pi\u0119kne, pe\u0142ne dzikiego ptactwa (czaple, \u017curawie, \u0142ab\u0119dzie) i ryb lecz jest te\u017c mocno zaro\u015bni\u0119te <strong>dlatego k\u0105piele s\u0105 mo\u017cliwe tylko z pomostu.<\/strong><\/p>\n\n\n\n<p class=\"has-text-color\" style=\"color:#636363;font-size:17px;line-height:1.8\">Pla\u017ca miejska oddalona jest o ok. 400 m w linii prostej.<\/p>\n<\/div><figure class=\"wp-block-media-text__media\"><img loading=\"lazy\" decoding=\"async\" width=\"2560\" height=\"1920\" src=\"http:\/\/orlizakatek.pl\/wp-content\/uploads\/2024\/12\/23-scaled.jpg\" alt=\"\" class=\"wp-image-40 size-full\" srcset=\"https:\/\/orlizakatek.pl\/wp-content\/uploads\/2024\/12\/23-scaled.jpg 2560w, https:\/\/orlizakatek.pl\/wp-content\/uploads\/2024\/12\/23-300x225.jpg 300w, https:\/\/orlizakatek.pl\/wp-content\/uploads\/2024\/12\/23-1024x768.jpg 1024w, https:\/\/orlizakatek.pl\/wp-content\/uploads\/2024\/12\/23-768x576.jpg 768w, https:\/\/orlizakatek.pl\/wp-content\/uploads\/2024\/12\/23-1536x1152.jpg 1536w, https:\/\/orlizakatek.pl\/wp-content\/uploads\/2024\/12\/23-2048x1536.jpg 2048w\" sizes=\"(max-width: 2560px) 100vw, 2560px\" \/><\/figure><\/div>\n\n\n\n<div class=\"wp-block-media-text alignfull is-stacked-on-mobile is-vertically-aligned-center is-style-default has-heading-background-color has-background\" style=\"grid-template-columns:56% auto\"><figure class=\"wp-block-media-text__media\"><img loading=\"lazy\" decoding=\"async\" width=\"1000\" height=\"1000\" src=\"https:\/\/orlizakatek.pl\/wp-content\/uploads\/2025\/04\/Bloom-StoryLogo-23Transparent.png\" alt=\"\" class=\"wp-image-411 size-full\" srcset=\"https:\/\/orlizakatek.pl\/wp-content\/uploads\/2025\/04\/Bloom-StoryLogo-23Transparent.png 1000w, https:\/\/orlizakatek.pl\/wp-content\/uploads\/2025\/04\/Bloom-StoryLogo-23Transparent-300x300.png 300w, https:\/\/orlizakatek.pl\/wp-content\/uploads\/2025\/04\/Bloom-StoryLogo-23Transparent-150x150.png 150w, https:\/\/orlizakatek.pl\/wp-content\/uploads\/2025\/04\/Bloom-StoryLogo-23Transparent-768x768.png 768w\" sizes=\"(max-width: 1000px) 100vw, 1000px\" \/><\/figure><div class=\"wp-block-media-text__content\">\n<h2 class=\"wp-block-heading has-background-color has-text-color\"><strong>miniSPA<\/strong><\/h2>\n\n\n\n<p class=\"has-background-color has-text-color\" style=\"font-size:17px;line-height:1.8\">Dzi\u0119ki wsp\u00f3\u0142pracy z <a href=\"http:\/\/www.bloomstory.pl\/o-nas\" data-type=\"link\" data-id=\"www.bloomstory.pl\/o-nas\">Bloom Story Concept<\/a> jeste\u015bmy w stanie w Orlim Zak\u0105tku zaoferowa\u0107 najwy\u017cszej jako\u015bci kosmetyki piel\u0119gnacyjne. Po wi\u0119cej informacji zapraszamy do naszej sekcji: <a href=\"https:\/\/orlizakatek.pl\/index.php\/minispa\/\" data-type=\"page\" data-id=\"388\">miniSPA<\/a><\/p>\n\n\n\n<p class=\"has-text-color\" style=\"color:#636363;font-size:17px;line-height:1.8\"><\/p>\n<\/div><\/div>\n\n\n\n<p><\/p>\n\n\n\n<p><\/p>\n","protected":false},"excerpt":{"rendered":"<p>Zapraszamy Was na ogrodzony teren posesji o powierzchni 11 000 m2 Zaplanuj wizyt\u0119 Prywatna pla\u017ca nad jeziorem Znajdziecie tu pla\u017c\u0119 nad jeziorem z pomostem z miejsce na ognisko (drewno dost\u0119pne na miejscu). W bezpo\u015bredniej okolicy pla\u017cy znajduje si\u0119 lasek, boisko trawiaste do pi\u0142ki no\u017cnej, boisko do pi\u0142ki pla\u017cowej (piaszczyste), oczko wodne, plac zabaw dla dzieci, [&hellip;]<\/p>\n","protected":false},"author":1,"featured_media":0,"parent":0,"menu_order":0,"comment_status":"closed","ping_status":"closed","template":"","meta":{"footnotes":""},"class_list":["post-101","page","type-page","status-publish","hentry"],"_links":{"self":[{"href":"https:\/\/orlizakatek.pl\/index.php\/wp-json\/wp\/v2\/pages\/101","targetHints":{"allow":["GET"]}}],"collection":[{"href":"https:\/\/orlizakatek.pl\/index.php\/wp-json\/wp\/v2\/pages"}],"about":[{"href":"https:\/\/orlizakatek.pl\/index.php\/wp-json\/wp\/v2\/types\/page"}],"author":[{"embeddable":true,"href":"https:\/\/orlizakatek.pl\/index.php\/wp-json\/wp\/v2\/users\/1"}],"replies":[{"embeddable":true,"href":"https:\/\/orlizakatek.pl\/index.php\/wp-json\/wp\/v2\/comments?post=101"}],"version-history":[{"count":35,"href":"https:\/\/orlizakatek.pl\/index.php\/wp-json\/wp\/v2\/pages\/101\/revisions"}],"predecessor-version":[{"id":412,"href":"https:\/\/orlizakatek.pl\/index.php\/wp-json\/wp\/v2\/pages\/101\/revisions\/412"}],"wp:attachment":[{"href":"https:\/\/orlizakatek.pl\/index.php\/wp-json\/wp\/v2\/media?parent=101"}],"curies":[{"name":"wp","href":"https:\/\/api.w.org\/{rel}","templated":true}]}}