{"id":133,"date":"2024-12-18T15:15:15","date_gmt":"2024-12-18T15:15:15","guid":{"rendered":"http:\/\/orlizakatek.pl\/?page_id=133"},"modified":"2024-12-18T15:43:12","modified_gmt":"2024-12-18T15:43:12","slug":"o-nas","status":"publish","type":"page","link":"https:\/\/orlizakatek.pl\/index.php\/o-nas\/","title":{"rendered":"O nas"},"content":{"rendered":"\n<hr class=\"wp-block-separator has-css-opacity is-style-default\"\/>\n\n\n\n<blockquote class=\"wp-block-quote has-text-align-center is-style-large is-layout-flow wp-block-quote-is-layout-flow\">\n<p><\/p>\n\n\n\n<p>Dlaczego Orli Zak\u0105tek? <\/p>\n\n\n\n<p>Bo to dom po\u0142o\u017cony przy jeziorze Orle, gdzie or\u0142y bywaj\u0105 cz\u0119stymi go\u015b\u0107mi.<\/p>\n\n\n\n<p>Zak\u0105tek, bo to oaza spokoju gwarantuj\u0105ca blisko\u015b\u0107 natury. Nasze domy po\u0142o\u017cone s\u0105 na ogromnym terenie ( 1,1 ha ) z lini\u0105 brzegow\u0105 jeziora Orle, kt\u00f3re le\u017cy na szlaku Kana\u0142u Augustowskiego, 20 km od Augustowa.<\/p>\n\n\n\n<p>Stworzyli\u015bmy tu miejsce, gdzie wraz z rodzin\u0105 i przyjaci\u00f3\u0142mi sp\u0119dzamy ka\u017cd\u0105 woln\u0105 chwil\u0119. Chcemy si\u0119 tym miejscem podzieli\u0107 dlatego udost\u0119pniamy dom do wynaj\u0119cia.<\/p>\n<cite>\u2014 <strong>Monika Zbucka<\/strong>, <em>Gospodarz i w\u0142a\u015bciciel Zak\u0105tka<\/em><\/cite><\/blockquote>\n\n\n\n<figure class=\"wp-block-image aligncenter size-large is-resized is-style-rounded\"><img fetchpriority=\"high\" decoding=\"async\" width=\"768\" height=\"1024\" src=\"http:\/\/orlizakatek.pl\/wp-content\/uploads\/2024\/12\/Zdjecie-WhatsApp-2023-05-14-o-14.07.05-768x1024.jpg\" alt=\"\" class=\"wp-image-42\" style=\"object-fit:cover;width:200px;height:200px\" srcset=\"https:\/\/orlizakatek.pl\/wp-content\/uploads\/2024\/12\/Zdjecie-WhatsApp-2023-05-14-o-14.07.05-768x1024.jpg 768w, https:\/\/orlizakatek.pl\/wp-content\/uploads\/2024\/12\/Zdjecie-WhatsApp-2023-05-14-o-14.07.05-225x300.jpg 225w, https:\/\/orlizakatek.pl\/wp-content\/uploads\/2024\/12\/Zdjecie-WhatsApp-2023-05-14-o-14.07.05-1152x1536.jpg 1152w, https:\/\/orlizakatek.pl\/wp-content\/uploads\/2024\/12\/Zdjecie-WhatsApp-2023-05-14-o-14.07.05.jpg 1536w\" sizes=\"(max-width: 768px) 100vw, 768px\" \/><\/figure>\n\n\n\n<hr class=\"wp-block-separator has-css-opacity is-style-default\"\/>\n\n\n\n<div class=\"wp-block-gmap-gmap-block gmap-block-1zrlu7tj\"><iframe src=\"https:\/\/maps.google.com\/maps?q=Orli+Zak%C4%85tek+Gorczyca+29N%2C+16-326&amp;z=10&amp;t=roadmap&amp;output=embed\" class=\"embd-map\" title=\"Orli Zak\u0105tek Gorczyca 29N, 16-326\"><\/iframe><\/div>\n\n\n\n<p><\/p>\n","protected":false},"excerpt":{"rendered":"<p>Dlaczego Orli Zak\u0105tek? Bo to dom po\u0142o\u017cony przy jeziorze Orle, gdzie or\u0142y bywaj\u0105 cz\u0119stymi go\u015b\u0107mi. Zak\u0105tek, bo to oaza spokoju gwarantuj\u0105ca blisko\u015b\u0107 natury. Nasze domy po\u0142o\u017cone s\u0105 na ogromnym terenie ( 1,1 ha ) z lini\u0105 brzegow\u0105 jeziora Orle, kt\u00f3re le\u017cy na szlaku Kana\u0142u Augustowskiego, 20 km od Augustowa. Stworzyli\u015bmy tu miejsce, gdzie wraz z [&hellip;]<\/p>\n","protected":false},"author":1,"featured_media":0,"parent":0,"menu_order":0,"comment_status":"closed","ping_status":"closed","template":"","meta":{"footnotes":""},"class_list":["post-133","page","type-page","status-publish","hentry"],"_links":{"self":[{"href":"https:\/\/orlizakatek.pl\/index.php\/wp-json\/wp\/v2\/pages\/133","targetHints":{"allow":["GET"]}}],"collection":[{"href":"https:\/\/orlizakatek.pl\/index.php\/wp-json\/wp\/v2\/pages"}],"about":[{"href":"https:\/\/orlizakatek.pl\/index.php\/wp-json\/wp\/v2\/types\/page"}],"author":[{"embeddable":true,"href":"https:\/\/orlizakatek.pl\/index.php\/wp-json\/wp\/v2\/users\/1"}],"replies":[{"embeddable":true,"href":"https:\/\/orlizakatek.pl\/index.php\/wp-json\/wp\/v2\/comments?post=133"}],"version-history":[{"count":12,"href":"https:\/\/orlizakatek.pl\/index.php\/wp-json\/wp\/v2\/pages\/133\/revisions"}],"predecessor-version":[{"id":154,"href":"https:\/\/orlizakatek.pl\/index.php\/wp-json\/wp\/v2\/pages\/133\/revisions\/154"}],"wp:attachment":[{"href":"https:\/\/orlizakatek.pl\/index.php\/wp-json\/wp\/v2\/media?parent=133"}],"curies":[{"name":"wp","href":"https:\/\/api.w.org\/{rel}","templated":true}]}}