{"id":2,"date":"2024-12-17T14:14:20","date_gmt":"2024-12-17T14:14:20","guid":{"rendered":"http:\/\/orlizakatek.pl\/?page_id=2"},"modified":"2025-12-29T11:43:49","modified_gmt":"2025-12-29T11:43:49","slug":"dom","status":"publish","type":"page","link":"https:\/\/orlizakatek.pl\/index.php\/dom\/","title":{"rendered":"Dom"},"content":{"rendered":"\n<p><\/p>\n\n\n\n<div class=\"wp-block-group alignfull banner is-layout-flow wp-block-group-is-layout-flow\" style=\"padding-top:0px;padding-right:0px;padding-bottom:0px;padding-left:0px\">\n<div class=\"wp-block-cover\" style=\"margin-bottom:var(--wp--preset--spacing--60)\"><span aria-hidden=\"true\" class=\"wp-block-cover__background has-background-dim-40 has-background-dim\" style=\"background-color:#6d7b92\"><\/span><img fetchpriority=\"high\" decoding=\"async\" width=\"2560\" height=\"1928\" class=\"wp-block-cover__image-background wp-image-18\" alt=\"\" src=\"http:\/\/orlizakatek.pl\/wp-content\/uploads\/2024\/12\/1-scaled.jpg\" data-object-fit=\"cover\" srcset=\"https:\/\/orlizakatek.pl\/wp-content\/uploads\/2024\/12\/1-scaled.jpg 2560w, https:\/\/orlizakatek.pl\/wp-content\/uploads\/2024\/12\/1-300x226.jpg 300w, https:\/\/orlizakatek.pl\/wp-content\/uploads\/2024\/12\/1-1024x771.jpg 1024w, https:\/\/orlizakatek.pl\/wp-content\/uploads\/2024\/12\/1-768x578.jpg 768w, https:\/\/orlizakatek.pl\/wp-content\/uploads\/2024\/12\/1-1536x1157.jpg 1536w, https:\/\/orlizakatek.pl\/wp-content\/uploads\/2024\/12\/1-2048x1542.jpg 2048w\" sizes=\"(max-width: 2560px) 100vw, 2560px\" \/><div class=\"wp-block-cover__inner-container is-layout-flow wp-block-cover-is-layout-flow\">\n<p class=\"has-text-align-center has-large-font-size\"><\/p>\n<\/div><\/div>\n<\/div>\n\n\n\n<p>Jest to luksusowo urz\u0105dzony, przestronny dom mog\u0105cy pomie\u015bci\u0107 maksymalnie 18 os\u00f3b. Sk\u0142ada si\u0119 on z 4 niezale\u017cnych, wyposa\u017conych w po\u015bciel oraz r\u0119czniki , apartament\u00f3w oraz w pe\u0142ni wyposa\u017conej kuchni. <\/p>\n\n\n\n<p>Ka\u017cdy <a href=\"http:\/\/orlizakatek.pl\/index.php\/pokoje\/\" data-type=\"page\" data-id=\"129\">apartament <\/a>ma wyj\u015bcie na zadaszony taras, z kt\u00f3rego<br>rozpo\u015bciera si\u0119 przepi\u0119kny widok na jezioro, otaczaj\u0105ce go \u0142\u0105ki pe\u0142ne dzikiego ptactwa i las. Ka\u017cdy z apartament\u00f3w zajmuje dwa poziomy : parter oraz antresol\u0119. <\/p>\n\n\n\n<p>W naszej kuchni znajdziecie wszystko, co jest potrzebne do ugotowania i spo\u017cycia posi\u0142k\u00f3w. Wyposa\u017cona jest w du\u017c\u0105 lod\u00f3wk\u0119, p\u0142yt\u0119 indukcyjn\u0105, piekarnik, kuchenk\u0119 mikrofalow\u0105, czajnik, ekspres do kawy, mikser, garnki, sztu\u0107ce, szk\u0142o, zastaw\u0119 sto\u0142ow\u0105 itd.<\/p>\n\n\n\n<p>Ponadto do dyspozycji go\u015bci oddajemy ogrzewany <a href=\"https:\/\/orlizakatek.pl\/index.php\/atrakcje\/\" data-type=\"link\" data-id=\"https:\/\/orlizakatek.pl\/index.php\/atrakcje\/\">basen wewn\u0119trzny.<\/a><\/p>\n\n\n\n<div class=\"wp-block-cover is-light alignfull\" style=\"min-height:650px;aspect-ratio:unset;\"><span aria-hidden=\"true\" class=\"wp-block-cover__background has-background-background-color has-background-dim\"><\/span><div class=\"wp-block-cover__inner-container is-layout-flow wp-block-cover-is-layout-flow\">\n<div class=\"wp-block-columns are-vertically-aligned-center slide-box is-layout-flex wp-container-core-columns-is-layout-1 wp-block-columns-is-layout-flex\">\n<div class=\"wp-block-column is-layout-flow wp-block-column-is-layout-flow\">\n<figure class=\"wp-block-image size-full\"><img decoding=\"async\" width=\"2560\" height=\"1920\" src=\"http:\/\/orlizakatek.pl\/wp-content\/uploads\/2024\/12\/18-scaled.jpg\" alt=\"\" class=\"wp-image-35\" srcset=\"https:\/\/orlizakatek.pl\/wp-content\/uploads\/2024\/12\/18-scaled.jpg 2560w, https:\/\/orlizakatek.pl\/wp-content\/uploads\/2024\/12\/18-300x225.jpg 300w, https:\/\/orlizakatek.pl\/wp-content\/uploads\/2024\/12\/18-1024x768.jpg 1024w, https:\/\/orlizakatek.pl\/wp-content\/uploads\/2024\/12\/18-768x576.jpg 768w, https:\/\/orlizakatek.pl\/wp-content\/uploads\/2024\/12\/18-1536x1152.jpg 1536w, https:\/\/orlizakatek.pl\/wp-content\/uploads\/2024\/12\/18-2048x1536.jpg 2048w\" sizes=\"(max-width: 2560px) 100vw, 2560px\" \/><\/figure>\n<\/div>\n\n\n\n<div class=\"wp-block-column is-layout-flow wp-block-column-is-layout-flow\">\n<figure class=\"wp-block-image size-large\" style=\"margin-top:0;margin-bottom:0\"><img decoding=\"async\" width=\"1024\" height=\"768\" src=\"https:\/\/orlizakatek.pl\/wp-content\/uploads\/2025\/04\/Zdjecie-WhatsApp-2025-04-24-o-19.48.18_916ccbf5-1024x768.jpg\" alt=\"\" class=\"wp-image-416\" srcset=\"https:\/\/orlizakatek.pl\/wp-content\/uploads\/2025\/04\/Zdjecie-WhatsApp-2025-04-24-o-19.48.18_916ccbf5-1024x768.jpg 1024w, https:\/\/orlizakatek.pl\/wp-content\/uploads\/2025\/04\/Zdjecie-WhatsApp-2025-04-24-o-19.48.18_916ccbf5-300x225.jpg 300w, https:\/\/orlizakatek.pl\/wp-content\/uploads\/2025\/04\/Zdjecie-WhatsApp-2025-04-24-o-19.48.18_916ccbf5-768x576.jpg 768w, https:\/\/orlizakatek.pl\/wp-content\/uploads\/2025\/04\/Zdjecie-WhatsApp-2025-04-24-o-19.48.18_916ccbf5-1536x1152.jpg 1536w, https:\/\/orlizakatek.pl\/wp-content\/uploads\/2025\/04\/Zdjecie-WhatsApp-2025-04-24-o-19.48.18_916ccbf5.jpg 2048w\" sizes=\"(max-width: 1024px) 100vw, 1024px\" \/><\/figure>\n<\/div>\n\n\n\n<div class=\"wp-block-column is-layout-flow wp-block-column-is-layout-flow\">\n<figure class=\"wp-block-image size-large\"><img loading=\"lazy\" decoding=\"async\" width=\"1024\" height=\"768\" src=\"http:\/\/orlizakatek.pl\/wp-content\/uploads\/2024\/12\/3-1024x768.jpg\" alt=\"\" class=\"wp-image-20\" srcset=\"https:\/\/orlizakatek.pl\/wp-content\/uploads\/2024\/12\/3-1024x768.jpg 1024w, https:\/\/orlizakatek.pl\/wp-content\/uploads\/2024\/12\/3-300x225.jpg 300w, https:\/\/orlizakatek.pl\/wp-content\/uploads\/2024\/12\/3-768x576.jpg 768w, https:\/\/orlizakatek.pl\/wp-content\/uploads\/2024\/12\/3-1536x1152.jpg 1536w, https:\/\/orlizakatek.pl\/wp-content\/uploads\/2024\/12\/3-2048x1536.jpg 2048w\" sizes=\"(max-width: 1024px) 100vw, 1024px\" \/><\/figure>\n<\/div>\n<\/div>\n<\/div><\/div>\n","protected":false},"excerpt":{"rendered":"<p>Jest to luksusowo urz\u0105dzony, przestronny dom mog\u0105cy pomie\u015bci\u0107 maksymalnie 18 os\u00f3b. Sk\u0142ada si\u0119 on z 4 niezale\u017cnych, wyposa\u017conych w po\u015bciel oraz r\u0119czniki , apartament\u00f3w oraz w pe\u0142ni wyposa\u017conej kuchni. Ka\u017cdy apartament ma wyj\u015bcie na zadaszony taras, z kt\u00f3regorozpo\u015bciera si\u0119 przepi\u0119kny widok na jezioro, otaczaj\u0105ce go \u0142\u0105ki pe\u0142ne dzikiego ptactwa i las. Ka\u017cdy z apartament\u00f3w zajmuje [&hellip;]<\/p>\n","protected":false},"author":1,"featured_media":0,"parent":0,"menu_order":0,"comment_status":"closed","ping_status":"open","template":"","meta":{"footnotes":""},"class_list":["post-2","page","type-page","status-publish","hentry"],"_links":{"self":[{"href":"https:\/\/orlizakatek.pl\/index.php\/wp-json\/wp\/v2\/pages\/2","targetHints":{"allow":["GET"]}}],"collection":[{"href":"https:\/\/orlizakatek.pl\/index.php\/wp-json\/wp\/v2\/pages"}],"about":[{"href":"https:\/\/orlizakatek.pl\/index.php\/wp-json\/wp\/v2\/types\/page"}],"author":[{"embeddable":true,"href":"https:\/\/orlizakatek.pl\/index.php\/wp-json\/wp\/v2\/users\/1"}],"replies":[{"embeddable":true,"href":"https:\/\/orlizakatek.pl\/index.php\/wp-json\/wp\/v2\/comments?post=2"}],"version-history":[{"count":21,"href":"https:\/\/orlizakatek.pl\/index.php\/wp-json\/wp\/v2\/pages\/2\/revisions"}],"predecessor-version":[{"id":441,"href":"https:\/\/orlizakatek.pl\/index.php\/wp-json\/wp\/v2\/pages\/2\/revisions\/441"}],"wp:attachment":[{"href":"https:\/\/orlizakatek.pl\/index.php\/wp-json\/wp\/v2\/media?parent=2"}],"curies":[{"name":"wp","href":"https:\/\/api.w.org\/{rel}","templated":true}]}}