{"id":388,"date":"2025-04-25T10:40:19","date_gmt":"2025-04-25T10:40:19","guid":{"rendered":"https:\/\/orlizakatek.pl\/?page_id=388"},"modified":"2025-05-14T12:20:50","modified_gmt":"2025-05-14T12:20:50","slug":"minispa","status":"publish","type":"page","link":"https:\/\/orlizakatek.pl\/index.php\/minispa\/","title":{"rendered":"miniSPA"},"content":{"rendered":"\n<div class=\"wp-block-cover alignfull is-light\" style=\"margin-bottom:var(--wp--preset--spacing--60)\"><span aria-hidden=\"true\" class=\"wp-block-cover__background has-background-dim-40 has-background-dim\" style=\"background-color:#efefef\"><\/span><img fetchpriority=\"high\" decoding=\"async\" width=\"1000\" height=\"1000\" class=\"wp-block-cover__image-background wp-image-424\" alt=\"\" src=\"https:\/\/orlizakatek.pl\/wp-content\/uploads\/2025\/05\/Bloom-StoryLogo-23Transparent.png\" data-object-fit=\"cover\" srcset=\"https:\/\/orlizakatek.pl\/wp-content\/uploads\/2025\/05\/Bloom-StoryLogo-23Transparent.png 1000w, https:\/\/orlizakatek.pl\/wp-content\/uploads\/2025\/05\/Bloom-StoryLogo-23Transparent-300x300.png 300w, https:\/\/orlizakatek.pl\/wp-content\/uploads\/2025\/05\/Bloom-StoryLogo-23Transparent-150x150.png 150w, https:\/\/orlizakatek.pl\/wp-content\/uploads\/2025\/05\/Bloom-StoryLogo-23Transparent-768x768.png 768w\" sizes=\"(max-width: 1000px) 100vw, 1000px\" \/><div class=\"wp-block-cover__inner-container is-layout-flow wp-block-cover-is-layout-flow\">\n<p class=\"has-text-align-center has-large-font-size\"><\/p>\n<\/div><\/div>\n\n\n\n<p class=\"has-text-align-center\">Oferta miniSPA we wsp\u00f3\u0142pracy z <strong><a href=\"https:\/\/bloomstory.pl\/o-nas\/\" data-type=\"link\" data-id=\"https:\/\/bloomstory.pl\/o-nas\/\">Bloom Story Concept<\/a><\/strong>:<\/p>\n\n\n\n<p>Aby nieustannie podnosi\u0107 jako\u015b\u0107 naszych us\u0142ug, zdecydowali\u015bmy si\u0119 zaoferowa\u0107 Go\u015bciom Orlego Zak\u0105tka wyj\u0105tkow\u0105 mo\u017cliwo\u015b\u0107 skorzystania z kosmetyki piel\u0119gnacyjnej Bloom Story Concept. Te naturalne produkty sprawi\u0105, \u017ce chwile odpoczynku stan\u0105 si\u0119 jeszcze pi\u0119kniejsze, a relaks \u2013 pe\u0142niejszy i g\u0142\u0119biej odczuwalny.<\/p>\n\n\n\n<div class=\"wp-block-media-text is-stacked-on-mobile\"><figure class=\"wp-block-media-text__media\"><img decoding=\"async\" width=\"576\" height=\"1024\" src=\"http:\/\/orlizakatek.pl\/wp-content\/uploads\/2025\/04\/Zdjecie-WhatsApp-2025-04-25-o-11.54.18_09be545e-576x1024.jpg\" alt=\"\" class=\"wp-image-392 size-full\" srcset=\"https:\/\/orlizakatek.pl\/wp-content\/uploads\/2025\/04\/Zdjecie-WhatsApp-2025-04-25-o-11.54.18_09be545e-576x1024.jpg 576w, https:\/\/orlizakatek.pl\/wp-content\/uploads\/2025\/04\/Zdjecie-WhatsApp-2025-04-25-o-11.54.18_09be545e-169x300.jpg 169w, https:\/\/orlizakatek.pl\/wp-content\/uploads\/2025\/04\/Zdjecie-WhatsApp-2025-04-25-o-11.54.18_09be545e-768x1365.jpg 768w, https:\/\/orlizakatek.pl\/wp-content\/uploads\/2025\/04\/Zdjecie-WhatsApp-2025-04-25-o-11.54.18_09be545e.jpg 832w\" sizes=\"(max-width: 576px) 100vw, 576px\" \/><\/figure><div class=\"wp-block-media-text__content\">\n<p class=\"has-text-align-center\"><strong>W pokojach go\u015bcie b\u0119d\u0105 mogli skorzysta\u0107 z kosmetyki marki <a href=\"https:\/\/bloomstory.pl\/pandrosia\/\" data-type=\"link\" data-id=\"https:\/\/bloomstory.pl\/pandrosia\/\">Pandrosia<\/a> i ekskluzywnej linii Greek Treasures.<\/strong><\/p>\n\n\n\n<p class=\"has-text-align-center\">Pandrosia to ho\u0142d dla staro\u017cytnych greckich tradycji i si\u0142y natury, zamkni\u0119ty w kosmetykach tworzonych z mi\u0142o\u015bci\u0105 i szacunkiem do \u015brodowiska. Ta rodzinna marka, inspirowana naukami Hipokratesa, \u0142\u0105czy organiczne sk\u0142adniki o niezwyk\u0142ych w\u0142a\u015bciwo\u015bciach terapeutycznych, koncentruj\u0105c si\u0119 na wszechstronnych korzy\u015bciach aloesu z wyspy Kos.<\/p>\n<\/div><\/div>\n\n\n\n<p><\/p>\n\n\n\n<p>Dodatkowo go\u015bcie b\u0119d\u0105 mogli dokupi\u0107 kosmetyki z naszej oferty <strong>miniSPA<\/strong>:<\/p>\n\n\n\n<div class=\"wp-block-media-text is-stacked-on-mobile\"><figure class=\"wp-block-media-text__media\"><img decoding=\"async\" width=\"788\" height=\"1024\" src=\"https:\/\/orlizakatek.pl\/wp-content\/uploads\/2025\/04\/zestaw_orli-1-788x1024.png\" alt=\"\" class=\"wp-image-396 size-full\" srcset=\"https:\/\/orlizakatek.pl\/wp-content\/uploads\/2025\/04\/zestaw_orli-1-788x1024.png 788w, https:\/\/orlizakatek.pl\/wp-content\/uploads\/2025\/04\/zestaw_orli-1-231x300.png 231w, https:\/\/orlizakatek.pl\/wp-content\/uploads\/2025\/04\/zestaw_orli-1-768x998.png 768w, https:\/\/orlizakatek.pl\/wp-content\/uploads\/2025\/04\/zestaw_orli-1.png 1000w\" sizes=\"(max-width: 788px) 100vw, 788px\" \/><\/figure><div class=\"wp-block-media-text__content\">\n<p class=\"has-text-align-center\"><strong>Sycylijski Peeling do Cia\u0142a od <span style=\"text-decoration: underline;\">Alia Skin Care<\/span><\/strong><\/p>\n\n\n\n<p><\/p>\n\n\n\n<p><a href=\"https:\/\/bloomstory.pl\/produkt\/wyselekcjonowane-sole-do-peelingu-sensoryczne-zluszczajace-i-oczyszczajace\/\" data-type=\"link\" data-id=\"https:\/\/bloomstory.pl\/produkt\/wyselekcjonowane-sole-do-peelingu-sensoryczne-zluszczajace-i-oczyszczajace\/\">Peeling do cia\u0142a<\/a><\/p>\n\n\n\n<p><a href=\"https:\/\/bloomstory.pl\/produkt\/peelingujaca-maska-do-twarzy\/\" data-type=\"link\" data-id=\"https:\/\/bloomstory.pl\/produkt\/peelingujaca-maska-do-twarzy\/\">Peeling do twarzy<\/a><\/p>\n\n\n\n<p><a href=\"https:\/\/bloomstory.pl\/produkt\/olejek-do-ciala-sloneczny\/\" data-type=\"link\" data-id=\"https:\/\/bloomstory.pl\/produkt\/olejek-do-ciala-sloneczny\/\">Olejek S\u0142oneczny<\/a><\/p>\n<\/div><\/div>\n\n\n\n<div class=\"wp-block-media-text has-media-on-the-right is-stacked-on-mobile\"><div class=\"wp-block-media-text__content\">\n<p class=\"has-text-align-center\"><strong>Profesjonalna Toska\u0144ska piel\u0119gnacja od <a href=\"https:\/\/bloomstory.pl\/setare\/\" data-type=\"link\" data-id=\"https:\/\/bloomstory.pl\/setare\/\">Setare<\/a><\/strong><\/p>\n\n\n\n<p>Linia Nice Age<\/p>\n\n\n\n<p><a href=\"https:\/\/bloomstory.pl\/produkt\/krem-do-twarzy-do-cery-zwyczajnej-mieszanej-liftingujacy-i-przywracajacy-rownowage-mikrobiomu\/\" data-type=\"link\" data-id=\"https:\/\/bloomstory.pl\/produkt\/krem-do-twarzy-do-cery-zwyczajnej-mieszanej-liftingujacy-i-przywracajacy-rownowage-mikrobiomu\/\">Krem do twarzy 24h<\/a><\/p>\n\n\n\n<p><a href=\"https:\/\/bloomstory.pl\/produkt\/krem-pod-oczy-nawilzajacy-liftujacy-i-drenujacy\/\" data-type=\"link\" data-id=\"https:\/\/bloomstory.pl\/produkt\/krem-pod-oczy-nawilzajacy-liftujacy-i-drenujacy\/\">Krem pod oczy<\/a><\/p>\n\n\n\n<p><a href=\"https:\/\/bloomstory.pl\/produkt\/oczyszczajacy-tonik-o-wlasciwosciach-odbudowujacych-mikrobiom-i-tonujacych\/\" data-type=\"link\" data-id=\"https:\/\/bloomstory.pl\/produkt\/oczyszczajacy-tonik-o-wlasciwosciach-odbudowujacych-mikrobiom-i-tonujacych\/\">Oczyszczaj\u0105cy tonik<\/a><\/p>\n<\/div><figure class=\"wp-block-media-text__media\"><img loading=\"lazy\" decoding=\"async\" width=\"788\" height=\"1024\" src=\"https:\/\/orlizakatek.pl\/wp-content\/uploads\/2025\/04\/niceagintg-788x1024.png\" alt=\"\" class=\"wp-image-398 size-full\" srcset=\"https:\/\/orlizakatek.pl\/wp-content\/uploads\/2025\/04\/niceagintg-788x1024.png 788w, https:\/\/orlizakatek.pl\/wp-content\/uploads\/2025\/04\/niceagintg-231x300.png 231w, https:\/\/orlizakatek.pl\/wp-content\/uploads\/2025\/04\/niceagintg-768x998.png 768w, https:\/\/orlizakatek.pl\/wp-content\/uploads\/2025\/04\/niceagintg.png 1000w\" sizes=\"(max-width: 788px) 100vw, 788px\" \/><\/figure><\/div>\n\n\n\n<div class=\"wp-block-media-text is-stacked-on-mobile\"><figure class=\"wp-block-media-text__media\"><img loading=\"lazy\" decoding=\"async\" width=\"788\" height=\"1024\" src=\"https:\/\/orlizakatek.pl\/wp-content\/uploads\/2025\/04\/purify-788x1024.png\" alt=\"\" class=\"wp-image-397 size-full\" srcset=\"https:\/\/orlizakatek.pl\/wp-content\/uploads\/2025\/04\/purify-788x1024.png 788w, https:\/\/orlizakatek.pl\/wp-content\/uploads\/2025\/04\/purify-231x300.png 231w, https:\/\/orlizakatek.pl\/wp-content\/uploads\/2025\/04\/purify-768x998.png 768w, https:\/\/orlizakatek.pl\/wp-content\/uploads\/2025\/04\/purify.png 1000w\" sizes=\"(max-width: 788px) 100vw, 788px\" \/><\/figure><div class=\"wp-block-media-text__content\">\n<p class=\"has-text-align-center\"><\/p>\n\n\n\n<p>Linia Purify<\/p>\n\n\n\n<p><a href=\"https:\/\/bloomstory.pl\/produkt\/krem-do-twarzy-do-cery-zwyczajnej-mieszanej-liftingujacy-i-przywracajacy-rownowage-mikrobiomu\/\" data-type=\"link\" data-id=\"https:\/\/bloomstory.pl\/produkt\/krem-do-twarzy-do-cery-zwyczajnej-mieszanej-liftingujacy-i-przywracajacy-rownowage-mikrobiomu\/\">Oczyszczaj\u0105cy mus<\/a><\/p>\n\n\n\n<p><a href=\"https:\/\/bloomstory.pl\/produkt\/krem-pod-oczy-nawilzajacy-liftujacy-i-drenujacy\/\" data-type=\"link\" data-id=\"https:\/\/bloomstory.pl\/produkt\/krem-pod-oczy-nawilzajacy-liftujacy-i-drenujacy\/\">Peelinguj\u0105ca maska<\/a><\/p>\n<\/div><\/div>\n\n\n\n<div class=\"wp-block-media-text has-media-on-the-right is-stacked-on-mobile\"><div class=\"wp-block-media-text__content\">\n<p class=\"has-text-align-center\"><\/p>\n\n\n\n<p>Linia Cashemere<\/p>\n\n\n\n<p><a href=\"https:\/\/bloomstory.pl\/produkt\/balsam-do-ciala-mleczko-super-nawilzajace-i-ujedrniajace\/\">Balsam do cia\u0142a<\/a><\/p>\n\n\n\n<p><a href=\"https:\/\/bloomstory.pl\/produkt\/balsam-do-rak-aksamitny-i-regenerujacy\/\" data-type=\"link\" data-id=\"https:\/\/bloomstory.pl\/produkt\/balsam-do-rak-aksamitny-i-regenerujacy\/\">Balsam do r\u0105k<\/a><\/p>\n<\/div><figure class=\"wp-block-media-text__media\"><img loading=\"lazy\" decoding=\"async\" width=\"788\" height=\"1024\" src=\"https:\/\/orlizakatek.pl\/wp-content\/uploads\/2025\/04\/cashmir-788x1024.png\" alt=\"\" class=\"wp-image-399 size-full\" srcset=\"https:\/\/orlizakatek.pl\/wp-content\/uploads\/2025\/04\/cashmir-788x1024.png 788w, https:\/\/orlizakatek.pl\/wp-content\/uploads\/2025\/04\/cashmir-231x300.png 231w, https:\/\/orlizakatek.pl\/wp-content\/uploads\/2025\/04\/cashmir-768x998.png 768w, https:\/\/orlizakatek.pl\/wp-content\/uploads\/2025\/04\/cashmir.png 1000w\" sizes=\"(max-width: 788px) 100vw, 788px\" \/><\/figure><\/div>\n\n\n\n<div class=\"wp-block-media-text is-stacked-on-mobile\"><figure class=\"wp-block-media-text__media\"><img loading=\"lazy\" decoding=\"async\" width=\"788\" height=\"1024\" src=\"https:\/\/orlizakatek.pl\/wp-content\/uploads\/2025\/04\/zestaw_orli2-1-788x1024.png\" alt=\"\" class=\"wp-image-402 size-full\" srcset=\"https:\/\/orlizakatek.pl\/wp-content\/uploads\/2025\/04\/zestaw_orli2-1-788x1024.png 788w, https:\/\/orlizakatek.pl\/wp-content\/uploads\/2025\/04\/zestaw_orli2-1-231x300.png 231w, https:\/\/orlizakatek.pl\/wp-content\/uploads\/2025\/04\/zestaw_orli2-1-768x998.png 768w, https:\/\/orlizakatek.pl\/wp-content\/uploads\/2025\/04\/zestaw_orli2-1.png 1000w\" sizes=\"(max-width: 788px) 100vw, 788px\" \/><\/figure><div class=\"wp-block-media-text__content\">\n<p class=\"has-text-align-center\"><strong>Zestawy piel\u0119gnacyjne od <a href=\"https:\/\/bloomstory.pl\/kategoria-produktu\/marki\/pandrosia\/\" data-type=\"link\" data-id=\"https:\/\/bloomstory.pl\/kategoria-produktu\/marki\/pandrosia\/\">Pandrosia<\/a><\/strong><\/p>\n\n\n\n<p>Zestaw do twarzy<\/p>\n\n\n\n<p><a href=\"https:\/\/bloomstory.pl\/produkt\/krem-do-twarz-nawilzajacy\/\" data-type=\"link\" data-id=\"https:\/\/bloomstory.pl\/produkt\/krem-do-twarz-nawilzajacy\/\">Krem do twarzy 24h<\/a><\/p>\n\n\n\n<p><a href=\"https:\/\/bloomstory.pl\/produkt\/oczyszczajacy-zel-do-mycia-twarzy\/\" data-type=\"link\" data-id=\"https:\/\/bloomstory.pl\/produkt\/oczyszczajacy-zel-do-mycia-twarzy\/\">Oczyszczaj\u0105cy \u017cel do mycia twarzy<\/a><\/p>\n\n\n\n<p><a href=\"https:\/\/bloomstory.pl\/produkt\/balsam-do-rak-i-paznokci\/\" data-type=\"link\" data-id=\"https:\/\/bloomstory.pl\/produkt\/balsam-do-rak-i-paznokci\/\">Balsam do r\u0105k i paznokci<\/a><\/p>\n<\/div><\/div>\n\n\n\n<div class=\"wp-block-media-text has-media-on-the-right is-stacked-on-mobile\"><div class=\"wp-block-media-text__content\">\n<p>Zestaw pod prysznic <a href=\"https:\/\/bloomstory.pl\/produkt\/zestaw-pandrosia-haircare\/\" data-type=\"link\" data-id=\"https:\/\/bloomstory.pl\/produkt\/zestaw-pandrosia-haircare\/\">BASIC<\/a><\/p>\n\n\n\n<p><a href=\"https:\/\/bloomstory.pl\/produkt\/szampon-do-wlosow-organiczny-aloes\/\" data-type=\"link\" data-id=\"https:\/\/bloomstory.pl\/produkt\/szampon-do-wlosow-organiczny-aloes\/\">Szampon do w\u0142os\u00f3w organiczny Aloes<\/a><\/p>\n\n\n\n<p><a href=\"https:\/\/bloomstory.pl\/produkt\/odzywka-do-wlosow-organiczny-aloes\/\" data-type=\"link\" data-id=\"https:\/\/bloomstory.pl\/produkt\/odzywka-do-wlosow-organiczny-aloes\/\">Od\u017cywka do w\u0142os\u00f3w organiczny Aloes<\/a><\/p>\n<\/div><figure class=\"wp-block-media-text__media\"><img loading=\"lazy\" decoding=\"async\" width=\"788\" height=\"1024\" src=\"https:\/\/orlizakatek.pl\/wp-content\/uploads\/2025\/04\/zestaw-szamponodzywka-788x1024.png\" alt=\"\" class=\"wp-image-403 size-full\" srcset=\"https:\/\/orlizakatek.pl\/wp-content\/uploads\/2025\/04\/zestaw-szamponodzywka-788x1024.png 788w, https:\/\/orlizakatek.pl\/wp-content\/uploads\/2025\/04\/zestaw-szamponodzywka-231x300.png 231w, https:\/\/orlizakatek.pl\/wp-content\/uploads\/2025\/04\/zestaw-szamponodzywka-768x998.png 768w, https:\/\/orlizakatek.pl\/wp-content\/uploads\/2025\/04\/zestaw-szamponodzywka.png 1000w\" sizes=\"(max-width: 788px) 100vw, 788px\" \/><\/figure><\/div>\n\n\n\n<div class=\"wp-block-media-text is-stacked-on-mobile\"><figure class=\"wp-block-media-text__media\"><img loading=\"lazy\" decoding=\"async\" width=\"788\" height=\"1024\" src=\"https:\/\/orlizakatek.pl\/wp-content\/uploads\/2025\/04\/zestaw-GT-788x1024.png\" alt=\"\" class=\"wp-image-404 size-full\" srcset=\"https:\/\/orlizakatek.pl\/wp-content\/uploads\/2025\/04\/zestaw-GT-788x1024.png 788w, https:\/\/orlizakatek.pl\/wp-content\/uploads\/2025\/04\/zestaw-GT-231x300.png 231w, https:\/\/orlizakatek.pl\/wp-content\/uploads\/2025\/04\/zestaw-GT-768x998.png 768w, https:\/\/orlizakatek.pl\/wp-content\/uploads\/2025\/04\/zestaw-GT.png 1000w\" sizes=\"(max-width: 788px) 100vw, 788px\" \/><\/figure><div class=\"wp-block-media-text__content\">\n<p class=\"has-text-align-center\">Zestaw pod prysznic <a href=\"https:\/\/bloomstory.pl\/produkt\/greckie-skarby\/\" data-type=\"link\" data-id=\"https:\/\/bloomstory.pl\/produkt\/greckie-skarby\/\">Greek Treasures<\/a><\/p>\n\n\n\n<p><\/p>\n\n\n\n<p><a href=\"https:\/\/bloomstory.pl\/produkt\/szampon-i-zel-pod-prysznic-2w1\/\" data-type=\"link\" data-id=\"https:\/\/bloomstory.pl\/produkt\/szampon-i-zel-pod-prysznic-2w1\/\">Szampon 2 w 1<\/a><\/p>\n\n\n\n<p><a href=\"https:\/\/bloomstory.pl\/produkt\/balsam-do-ciala-naturalny-grecki-skarb\/\" data-type=\"link\" data-id=\"https:\/\/bloomstory.pl\/produkt\/balsam-do-ciala-naturalny-grecki-skarb\/\">Balsam do cia\u0142a<\/a><\/p>\n\n\n\n<p><a href=\"https:\/\/bloomstory.pl\/produkt\/mydlo-do-rak-w-kostce-organiczny-aloes\/\" data-type=\"link\" data-id=\"https:\/\/bloomstory.pl\/produkt\/mydlo-do-rak-w-kostce-organiczny-aloes\/\">Myd\u0142o do r\u0105k<\/a><\/p>\n<\/div><\/div>\n\n\n\n<p class=\"has-text-align-center\">By zapewni\u0107 pe\u0142n\u0105 dost\u0119pno\u015b\u0107 prosimy o zg\u0142oszenie ch\u0119ci skorzystania z kosmetyk\u00f3w przed przyjazdem. Dla Klient\u00f3w firmy Orli Zak\u0105tek oferujemy kod na darmow\u0105 wysy\u0142k\u0119 (kod: ORLI) do wykorzystania na stronie <a href=\"https:\/\/bloomstory.pl\/sklep\/\" data-type=\"link\" data-id=\"https:\/\/bloomstory.pl\/sklep\/\">www.bloomstory.pl<\/a><\/p>\n\n\n\n<p><\/p>\n","protected":false},"excerpt":{"rendered":"<p>Oferta miniSPA we wsp\u00f3\u0142pracy z Bloom Story Concept: Aby nieustannie podnosi\u0107 jako\u015b\u0107 naszych us\u0142ug, zdecydowali\u015bmy si\u0119 zaoferowa\u0107 Go\u015bciom Orlego Zak\u0105tka wyj\u0105tkow\u0105 mo\u017cliwo\u015b\u0107 skorzystania z kosmetyki piel\u0119gnacyjnej Bloom Story Concept. Te naturalne produkty sprawi\u0105, \u017ce chwile odpoczynku stan\u0105 si\u0119 jeszcze pi\u0119kniejsze, a relaks \u2013 pe\u0142niejszy i g\u0142\u0119biej odczuwalny. W pokojach go\u015bcie b\u0119d\u0105 mogli skorzysta\u0107 z kosmetyki [&hellip;]<\/p>\n","protected":false},"author":1,"featured_media":0,"parent":0,"menu_order":0,"comment_status":"closed","ping_status":"closed","template":"","meta":{"footnotes":""},"class_list":["post-388","page","type-page","status-publish","hentry"],"_links":{"self":[{"href":"https:\/\/orlizakatek.pl\/index.php\/wp-json\/wp\/v2\/pages\/388","targetHints":{"allow":["GET"]}}],"collection":[{"href":"https:\/\/orlizakatek.pl\/index.php\/wp-json\/wp\/v2\/pages"}],"about":[{"href":"https:\/\/orlizakatek.pl\/index.php\/wp-json\/wp\/v2\/types\/page"}],"author":[{"embeddable":true,"href":"https:\/\/orlizakatek.pl\/index.php\/wp-json\/wp\/v2\/users\/1"}],"replies":[{"embeddable":true,"href":"https:\/\/orlizakatek.pl\/index.php\/wp-json\/wp\/v2\/comments?post=388"}],"version-history":[{"count":6,"href":"https:\/\/orlizakatek.pl\/index.php\/wp-json\/wp\/v2\/pages\/388\/revisions"}],"predecessor-version":[{"id":426,"href":"https:\/\/orlizakatek.pl\/index.php\/wp-json\/wp\/v2\/pages\/388\/revisions\/426"}],"wp:attachment":[{"href":"https:\/\/orlizakatek.pl\/index.php\/wp-json\/wp\/v2\/media?parent=388"}],"curies":[{"name":"wp","href":"https:\/\/api.w.org\/{rel}","templated":true}]}}